{"id":505,"date":"2024-06-03T11:39:07","date_gmt":"2024-06-03T11:39:07","guid":{"rendered":"https:\/\/key-win.fr\/rechtliche-hinweise\/"},"modified":"2024-11-14T12:35:08","modified_gmt":"2024-11-14T12:35:08","slug":"rechtliche-hinweise","status":"publish","type":"page","link":"https:\/\/key-win.fr\/de\/rechtliche-hinweise\/","title":{"rendered":"Rechtliche Hinweise"},"content":{"rendered":"<div class=\"fusion-fullwidth fullwidth-box fusion-builder-row-1 fusion-flex-container nonhundred-percent-fullwidth non-hundred-percent-height-scrolling\" style=\"--awb-border-radius-top-left:0px;--awb-border-radius-top-right:0px;--awb-border-radius-bottom-right:0px;--awb-border-radius-bottom-left:0px;--awb-padding-top:150px;--awb-padding-bottom:50px;--awb-margin-bottom:0px;--awb-flex-wrap:wrap;\" ><div class=\"fusion-builder-row fusion-row fusion-flex-align-items-flex-start fusion-flex-content-wrap\" style=\"max-width:calc( 1240px + 0px );margin-left: calc(-0px \/ 2 );margin-right: calc(-0px \/ 2 );\"><div class=\"fusion-layout-column fusion_builder_column fusion-builder-column-0 fusion_builder_column_1_1 1_1 fusion-flex-column\" style=\"--awb-bg-blend:overlay;--awb-bg-size:cover;--awb-width-large:100%;--awb-margin-top-large:0px;--awb-spacing-right-large:0px;--awb-margin-bottom-large:20px;--awb-spacing-left-large:0px;--awb-width-medium:100%;--awb-spacing-right-medium:0px;--awb-spacing-left-medium:0px;--awb-width-small:100%;--awb-spacing-right-small:0px;--awb-spacing-left-small:0px;\"><div class=\"fusion-column-wrapper fusion-column-has-shadow fusion-flex-justify-content-flex-start fusion-content-layout-column\"><div class=\"fusion-title title fusion-title-1 fusion-sep-none fusion-title-text fusion-title-size-one\" style=\"--awb-margin-top-small:10px;--awb-margin-right-small:0px;--awb-margin-bottom-small:10px;--awb-margin-left-small:0px;\"><h1 class=\"fusion-title-heading title-heading-left fusion-responsive-typography-calculated\" style=\"margin:0;--fontSize:64;line-height:0.85;\"><strong>Rechtliche<\/strong> Hinweise<\/h1><\/div><div class=\"fusion-separator\" style=\"align-self: flex-start;margin-right:auto;margin-bottom:40px;width:100%;max-width:30%;\"><div class=\"fusion-separator-border sep-single sep-solid\" style=\"--awb-height:20px;--awb-amount:20px;border-color:var(--awb-color3);border-top-width:4px;\"><\/div><\/div><div class=\"accordian fusion-accordian\" style=\"--awb-border-size:1px;--awb-icon-size:16px;--awb-content-font-size:var(--awb-typography4-font-size);--awb-icon-alignment:left;--awb-hover-color:var(--awb-color2);--awb-border-color:var(--awb-color3);--awb-background-color:var(--awb-color1);--awb-divider-color:var(--awb-color2);--awb-divider-hover-color:var(--awb-color3);--awb-icon-color:var(--awb-color1);--awb-title-color:#212934;--awb-content-color:var(--awb-color8);--awb-icon-box-color:#212934;--awb-toggle-hover-accent-color:var(--awb-color3);--awb-title-font-family:var(--awb-typography1-font-family);--awb-title-font-weight:var(--awb-typography1-font-weight);--awb-title-font-style:var(--awb-typography1-font-style);--awb-title-font-size:26px;--awb-content-font-family:var(--awb-typography4-font-family);--awb-content-font-weight:var(--awb-typography4-font-weight);--awb-content-font-style:var(--awb-typography4-font-style);\"><div class=\"panel-group fusion-toggle-icon-boxed\" id=\"accordion-505-1\"><div class=\"fusion-panel panel-default panel-1cf049452b50df778 fusion-toggle-has-divider\" style=\"--awb-title-color:var(--awb-color8);--awb-content-color:var(--awb-color8);\"><div class=\"panel-heading\"><h4 class=\"panel-title toggle\" id=\"toggle_1cf049452b50df778\"><a aria-expanded=\"false\" aria-controls=\"1cf049452b50df778\" role=\"button\" data-toggle=\"collapse\" data-parent=\"#accordion-505-1\" data-target=\"#1cf049452b50df778\" href=\"#1cf049452b50df778\"><span class=\"fusion-toggle-icon-wrapper\" aria-hidden=\"true\"><i class=\"fa-fusion-box active-icon awb-icon-minus\" aria-hidden=\"true\"><\/i><i class=\"fa-fusion-box inactive-icon awb-icon-plus\" aria-hidden=\"true\"><\/i><\/span><span class=\"fusion-toggle-heading\">Allgemeine Informationen \u00fcber KEY WIN<\/span><\/a><\/h4><\/div><div id=\"1cf049452b50df778\" class=\"panel-collapse collapse \" aria-labelledby=\"toggle_1cf049452b50df778\"><div class=\"panel-body toggle-content fusion-clearfix\">Firma KEY WIN<br \/> Firmensitz: 28 RUE DE ROSHEIM 67000 STRASBOURG<br \/> SIRET: 98031654100013<br \/> Strukturtyp: SAS<br \/> Verantwortlich f\u00fcr die Ver\u00f6ffentlichung: Kevin BEILL<br \/> Die Website key-win.fr wird gehostet von: OVH, 2 rue Kellermann &#8211; 59100 Roubaix &#8211; Frankreich<\/p>\n<\/div><\/div><\/div><div class=\"fusion-panel panel-default panel-d88827ef161b2a4db fusion-toggle-has-divider\"><div class=\"panel-heading\"><h4 class=\"panel-title toggle\" id=\"toggle_d88827ef161b2a4db\"><a aria-expanded=\"false\" aria-controls=\"d88827ef161b2a4db\" role=\"button\" data-toggle=\"collapse\" data-parent=\"#accordion-505-1\" data-target=\"#d88827ef161b2a4db\" href=\"#d88827ef161b2a4db\"><span class=\"fusion-toggle-icon-wrapper\" aria-hidden=\"true\"><i class=\"fa-fusion-box active-icon awb-icon-minus\" aria-hidden=\"true\"><\/i><i class=\"fa-fusion-box inactive-icon awb-icon-plus\" aria-hidden=\"true\"><\/i><\/span><span class=\"fusion-toggle-heading\">Verarbeitungen im Zusammenhang mit der Verwaltung von Formularen<\/span><\/a><\/h4><\/div><div id=\"d88827ef161b2a4db\" class=\"panel-collapse collapse \" aria-labelledby=\"toggle_d88827ef161b2a4db\"><div class=\"panel-body toggle-content fusion-clearfix\">\n<p>Jedes Formular auf der Website von KEY WIN beschr\u00e4nkt die Sammlung von pers\u00f6nlichen Daten auf das Notwendige und gibt insbesondere Folgendes an:<\/p>\n<p>&#8211; zu welchen Zwecken diese Daten gesammelt werden (Zweck) ;<\/p>\n<p>&#8211; was es rechtfertigt, dass wir Daten \u00fcber Sie sammeln (Rechtm\u00e4\u00dfigkeit) ;<\/p>\n<p>&#8211; die legitimen Interessen, die wir gegebenenfalls verfolgen ;<\/p>\n<p>&#8211; ob die Daten f\u00fcr die Bearbeitung Ihrer Anfrage obligatorisch oder fakultativ sind (obligatorische Daten sind durch ein Sternchen hervorgehoben);<\/p>\n<p>&#8211; wer davon Kenntnis nehmen kann (im Prinzip nur KEY WIN, es sei denn, es wird im Formular angegeben, dass die Weitergabe an Dritte f\u00fcr die Bearbeitung Ihrer Anfrage erforderlich ist);<\/p>\n<p>&#8211; die Dauer der Speicherung der gesammelten Daten.<\/p>\n<p>F\u00fcr Informationen oder die Aus\u00fcbung Ihrer Datenschutzrechte in Bezug auf die von KEY WIN verwalteten personenbezogenen Daten k\u00f6nnen Sie sich auf den Abschnitt &#8222;Wie Sie Ihre Rechte aus\u00fcben k\u00f6nnen&#8220; unten beziehen.<\/p>\n<\/div><\/div><\/div><div class=\"fusion-panel panel-default panel-70bdbe85f3fd30712 fusion-toggle-has-divider\"><div class=\"panel-heading\"><h4 class=\"panel-title toggle\" id=\"toggle_70bdbe85f3fd30712\"><a aria-expanded=\"false\" aria-controls=\"70bdbe85f3fd30712\" role=\"button\" data-toggle=\"collapse\" data-parent=\"#accordion-505-1\" data-target=\"#70bdbe85f3fd30712\" href=\"#70bdbe85f3fd30712\"><span class=\"fusion-toggle-icon-wrapper\" aria-hidden=\"true\"><i class=\"fa-fusion-box active-icon awb-icon-minus\" aria-hidden=\"true\"><\/i><i class=\"fa-fusion-box inactive-icon awb-icon-plus\" aria-hidden=\"true\"><\/i><\/span><span class=\"fusion-toggle-heading\">Verarbeitungen im Zusammenhang mit der Verwaltung der Kundenbeziehungen<\/span><\/a><\/h4><\/div><div id=\"70bdbe85f3fd30712\" class=\"panel-collapse collapse \" aria-labelledby=\"toggle_70bdbe85f3fd30712\"><div class=\"panel-body toggle-content fusion-clearfix\">\n<p>Im Rahmen der Beziehungen, die wir mit den Unternehmenskunden unterhalten, k\u00f6nnen wir Informationen \u00fcber nat\u00fcrliche Personen, die Kontaktpunkte innerhalb dieser Unternehmen sind, sammeln und verwenden. Dabei kann es sich um Identifikationsdaten (Name, Vorname&#8230;) oder um Daten aus dem Berufsleben (gesch\u00e4ftliche Festnetz- und\/oder Mobiltelefonnummern, E-Mail-Adresse&#8230;) handeln. <\/p>\n<p>Wir verwenden diese Informationen, um unsere Gesch\u00e4ftsbeziehung mit den Unternehmenskunden, bei denen Sie arbeiten, zu verwalten.<\/p>\n<p>Diese Informationen werden bei \u00c4nderungen aktualisiert: z.B. k\u00f6nnen sich die Identit\u00e4t und die Kontaktdaten der Kontaktperson \u00e4ndern, wenn die Person, deren Informationen gespeichert sind, das Unternehmen verl\u00e4sst.<\/p>\n<p>Sie werden nicht an Dritte weitergegeben.<\/p>\n<\/div><\/div><\/div><div class=\"fusion-panel panel-default panel-430840daf8db1d11e fusion-toggle-has-divider\"><div class=\"panel-heading\"><h4 class=\"panel-title toggle\" id=\"toggle_430840daf8db1d11e\"><a aria-expanded=\"false\" aria-controls=\"430840daf8db1d11e\" role=\"button\" data-toggle=\"collapse\" data-parent=\"#accordion-505-1\" data-target=\"#430840daf8db1d11e\" href=\"#430840daf8db1d11e\"><span class=\"fusion-toggle-icon-wrapper\" aria-hidden=\"true\"><i class=\"fa-fusion-box active-icon awb-icon-minus\" aria-hidden=\"true\"><\/i><i class=\"fa-fusion-box inactive-icon awb-icon-plus\" aria-hidden=\"true\"><\/i><\/span><span class=\"fusion-toggle-heading\">Cookies und Messung des Publikums<\/span><\/a><\/h4><\/div><div id=\"430840daf8db1d11e\" class=\"panel-collapse collapse \" aria-labelledby=\"toggle_430840daf8db1d11e\"><div class=\"panel-body toggle-content fusion-clearfix\">\n<p>Ein Cookie ist eine Textdatei, die von der besuchten Website an Ihren Browser gesendet wird. Ein Cookie speichert und sammelt Informationen, z.B. damit wir wissen, welche Seiten Sie besucht haben, wie lange Sie auf der Website geblieben sind, welche Links Sie angeklickt haben, wie oft Sie auf die Website zur\u00fcckkehren usw. <\/p>\n<\/div><\/div><\/div><div class=\"fusion-panel panel-default panel-3cfc2004be80099aa fusion-toggle-has-divider\"><div class=\"panel-heading\"><h4 class=\"panel-title toggle\" id=\"toggle_3cfc2004be80099aa\"><a aria-expanded=\"false\" aria-controls=\"3cfc2004be80099aa\" role=\"button\" data-toggle=\"collapse\" data-parent=\"#accordion-505-1\" data-target=\"#3cfc2004be80099aa\" href=\"#3cfc2004be80099aa\"><span class=\"fusion-toggle-icon-wrapper\" aria-hidden=\"true\"><i class=\"fa-fusion-box active-icon awb-icon-minus\" aria-hidden=\"true\"><\/i><i class=\"fa-fusion-box inactive-icon awb-icon-plus\" aria-hidden=\"true\"><\/i><\/span><span class=\"fusion-toggle-heading\">Sicherheit der Website und Besucherstatistiken<\/span><\/a><\/h4><\/div><div id=\"3cfc2004be80099aa\" class=\"panel-collapse collapse \" aria-labelledby=\"toggle_3cfc2004be80099aa\"><div class=\"panel-body toggle-content fusion-clearfix\">\n<p>Wenn Sie auf dieser Website surfen, \u00fcbermittelt uns Ihr Browser automatisch Informationen, die f\u00fcr die Navigation notwendig sind. Wir sammeln in Verbindungsprotokollen die folgenden Informationen, um unsere Website zu verbessern und zu sch\u00fctzen: <\/p>\n<p>&#8211; Ihre IP-Adresse<br \/> &#8211; Datum und Uhrzeit der Anfragen<br \/> &#8211; Inhalt der Anfrage<br \/> &#8211; Herkunft der Anfrage<br \/> &#8211; Menge der als Antwort gesendeten Informationen<br \/> &#8211; Zeitzone<br \/> &#8211; Informationen wie das Betriebssystem oder der Typ des verwendeten Browsers<br \/> &#8211; Sprache und Version des Browsers<\/p>\n<p>Um die Website an die Anforderungen der Besucher anzupassen, messen wir auch, ohne dass diese Daten Sie identifizieren k\u00f6nnen:<\/p>\n<p>&#8211; die Anzahl der Besuche,<br \/> &#8211; die Anzahl der Seitenaufrufe,<br \/> &#8211; die Aktivit\u00e4t der Besucher auf der Website und die H\u00e4ufigkeit ihrer R\u00fcckkehr.<\/p>\n<p>Diese Verarbeitungen basieren auf unserem berechtigten Interesse (Artikel 6 \u00a71 f) DSGVO), die Navigation auf dieser Website zu erm\u00f6glichen, sie zu verbessern und ihre Stabilit\u00e4t und Sicherheit zu gew\u00e4hrleisten.<\/p>\n<\/div><\/div><\/div><div class=\"fusion-panel panel-default panel-00fd6deddaf2a9953 fusion-toggle-has-divider\"><div class=\"panel-heading\"><h4 class=\"panel-title toggle\" id=\"toggle_00fd6deddaf2a9953\"><a aria-expanded=\"false\" aria-controls=\"00fd6deddaf2a9953\" role=\"button\" data-toggle=\"collapse\" data-parent=\"#accordion-505-1\" data-target=\"#00fd6deddaf2a9953\" href=\"#00fd6deddaf2a9953\"><span class=\"fusion-toggle-icon-wrapper\" aria-hidden=\"true\"><i class=\"fa-fusion-box active-icon awb-icon-minus\" aria-hidden=\"true\"><\/i><i class=\"fa-fusion-box inactive-icon awb-icon-plus\" aria-hidden=\"true\"><\/i><\/span><span class=\"fusion-toggle-heading\">Welche Rechte haben Sie?<\/span><\/a><\/h4><\/div><div id=\"00fd6deddaf2a9953\" class=\"panel-collapse collapse \" aria-labelledby=\"toggle_00fd6deddaf2a9953\"><div class=\"panel-body toggle-content fusion-clearfix\">\n<p>Gem\u00e4\u00df der <a href=\"https:\/\/www.cnil.fr\/fr\/reglement-europeen-protection-donnees\" target=\"_blank\" rel=\"noopener noreferrer\">Allgemeinen Datenschutzverordnung<\/a> und dem <a href=\"https:\/\/www.cnil.fr\/fr\/la-loi-informatique-et-libertes\" target=\"_blank\" rel=\"noopener noreferrer\">Gesetz \u00fcber Informatik und Freiheiten<\/a> k\u00f6nnen Sie auf die Sie betreffenden Daten zugreifen und\/oder eine Kopie davon erhalten.<br \/> Je nach Kontext k\u00f6nnen Sie auch<\/p>\n<p>&#8211; sich der Verarbeitung dieser Daten widersetzen, sie berichtigen oder l\u00f6schen lassen;<br \/> &#8211; die Einschr\u00e4nkung der Verarbeitung Ihrer Daten und\/oder die \u00dcbertragbarkeit dieser Daten beantragen.<\/p>\n<p>Wenn Sie Ihre Zustimmung zu einer von uns durchgef\u00fchrten Verarbeitung gegeben haben, haben Sie das Recht, diese Zustimmung jederzeit zu widerrufen.<\/p>\n<\/div><\/div><\/div><div class=\"fusion-panel panel-default panel-1e86acb466fa155b5 fusion-toggle-has-divider\"><div class=\"panel-heading\"><h4 class=\"panel-title toggle\" id=\"toggle_1e86acb466fa155b5\"><a aria-expanded=\"false\" aria-controls=\"1e86acb466fa155b5\" role=\"button\" data-toggle=\"collapse\" data-parent=\"#accordion-505-1\" data-target=\"#1e86acb466fa155b5\" href=\"#1e86acb466fa155b5\"><span class=\"fusion-toggle-icon-wrapper\" aria-hidden=\"true\"><i class=\"fa-fusion-box active-icon awb-icon-minus\" aria-hidden=\"true\"><\/i><i class=\"fa-fusion-box inactive-icon awb-icon-plus\" aria-hidden=\"true\"><\/i><\/span><span class=\"fusion-toggle-heading\">Wie k\u00f6nnen Sie Ihre Rechte aus\u00fcben?<\/span><\/a><\/h4><\/div><div id=\"1e86acb466fa155b5\" class=\"panel-collapse collapse \" aria-labelledby=\"toggle_1e86acb466fa155b5\"><div class=\"panel-body toggle-content fusion-clearfix\">\n<p>Sie k\u00f6nnen Ihre Rechte jederzeit aus\u00fcben, indem Sie sich an uns wenden:<\/p>\n<p>&#8211; per E-Mail an contact@key-win.fr<br \/> &#8211; \u00fcber dieses Kontaktformular<br \/> &#8211; per unterzeichnetem Brief an die folgende Adresse:<\/p>\n<p>KEY WIN<br \/> 28 RUE DE ROSHEIM<br \/> 67000 STRASBOURG<\/p>\n<p>Aus Sicherheitsgr\u00fcnden m\u00fcssen Sie Ihre Identit\u00e4t nachweisen (z.B. durch Angabe Ihres Vor- und Nachnamens, Ihrer Kundennummer, Ihrer Post- oder E-Mail-Adresse). Gegebenenfalls k\u00f6nnen Sie aufgefordert werden, einen g\u00fcltigen Identit\u00e4tsnachweis vorzulegen.<br \/> Wenn Sie, nachdem Sie uns kontaktiert haben, der Meinung sind, dass Ihre Rechte in Bezug auf Ihre Daten nicht respektiert werden, k\u00f6nnen Sie <a href=\"https:\/\/www.cnil.fr\/fr\/webform\/adresser-une-plainte\" target=\"_blank\" rel=\"noopener noreferrer\">eine Beschwerde an die CNIL richten.<\/a> <\/p>\n<\/div><\/div><\/div><div class=\"fusion-panel panel-default panel-12c5812cbd79180db fusion-toggle-has-divider\"><div class=\"panel-heading\"><h4 class=\"panel-title toggle\" id=\"toggle_12c5812cbd79180db\"><a aria-expanded=\"false\" aria-controls=\"12c5812cbd79180db\" role=\"button\" data-toggle=\"collapse\" data-parent=\"#accordion-505-1\" data-target=\"#12c5812cbd79180db\" href=\"#12c5812cbd79180db\"><span class=\"fusion-toggle-icon-wrapper\" aria-hidden=\"true\"><i class=\"fa-fusion-box active-icon awb-icon-minus\" aria-hidden=\"true\"><\/i><i class=\"fa-fusion-box inactive-icon awb-icon-plus\" aria-hidden=\"true\"><\/i><\/span><span class=\"fusion-toggle-heading\">Aktualisierung dieser Politik<\/span><\/a><\/h4><\/div><div id=\"12c5812cbd79180db\" class=\"panel-collapse collapse \" aria-labelledby=\"toggle_12c5812cbd79180db\"><div class=\"panel-body toggle-content fusion-clearfix\">\n<p>Wir \u00e4ndern diese Datenschutzrichtlinie von Zeit zu Zeit. Bei wesentlichen \u00c4nderungen werden wir einen entsprechenden Hinweis an hervorgehobener Stelle auf der Website ver\u00f6ffentlichen. <\/p>\n<p>Wir empfehlen Ihnen, diese Politik von Zeit zu Zeit zu \u00fcberpr\u00fcfen.<\/p>\n<\/div><\/div><\/div><\/div><\/div><\/div><\/div><\/div><\/div>\n","protected":false},"excerpt":{"rendered":"","protected":false},"author":1,"featured_media":0,"parent":0,"menu_order":0,"comment_status":"closed","ping_status":"closed","template":"100-width.php","meta":{"footnotes":""},"class_list":["post-505","page","type-page","status-publish","hentry"],"yoast_head":"<!-- This site is optimized with the Yoast SEO plugin v27.5 - https:\/\/yoast.com\/product\/yoast-seo-wordpress\/ -->\n<title>Rechtliche Hinweise - Key Win<\/title>\n<meta name=\"robots\" content=\"index, follow, max-snippet:-1, max-image-preview:large, max-video-preview:-1\" \/>\n<link rel=\"canonical\" href=\"https:\/\/key-win.fr\/de\/rechtliche-hinweise\/\" \/>\n<meta property=\"og:locale\" content=\"de_DE\" \/>\n<meta property=\"og:type\" content=\"article\" \/>\n<meta property=\"og:title\" content=\"Rechtliche Hinweise - Key Win\" \/>\n<meta property=\"og:url\" content=\"https:\/\/key-win.fr\/de\/rechtliche-hinweise\/\" \/>\n<meta property=\"og:site_name\" content=\"Key Win\" \/>\n<meta property=\"article:modified_time\" content=\"2024-11-14T12:35:08+00:00\" \/>\n<meta property=\"og:image\" content=\"https:\/\/key-win.fr\/wp-content\/uploads\/2024\/07\/Vignette_keywin.jpg\" \/>\n\t<meta property=\"og:image:width\" content=\"1200\" \/>\n\t<meta property=\"og:image:height\" content=\"675\" \/>\n\t<meta property=\"og:image:type\" content=\"image\/jpeg\" \/>\n<meta name=\"twitter:card\" content=\"summary_large_image\" \/>\n<meta name=\"twitter:label1\" content=\"Gesch\u00e4tzte Lesezeit\" \/>\n\t<meta name=\"twitter:data1\" content=\"6\u00a0Minuten\" \/>\n<script type=\"application\/ld+json\" class=\"yoast-schema-graph\">{\"@context\":\"https:\\\/\\\/schema.org\",\"@graph\":[{\"@type\":\"WebPage\",\"@id\":\"https:\\\/\\\/key-win.fr\\\/de\\\/rechtliche-hinweise\\\/\",\"url\":\"https:\\\/\\\/key-win.fr\\\/de\\\/rechtliche-hinweise\\\/\",\"name\":\"Rechtliche Hinweise - Key Win\",\"isPartOf\":{\"@id\":\"https:\\\/\\\/key-win.fr\\\/de\\\/#website\"},\"datePublished\":\"2024-06-03T11:39:07+00:00\",\"dateModified\":\"2024-11-14T12:35:08+00:00\",\"breadcrumb\":{\"@id\":\"https:\\\/\\\/key-win.fr\\\/de\\\/rechtliche-hinweise\\\/#breadcrumb\"},\"inLanguage\":\"de\",\"potentialAction\":[{\"@type\":\"ReadAction\",\"target\":[\"https:\\\/\\\/key-win.fr\\\/de\\\/rechtliche-hinweise\\\/\"]}]},{\"@type\":\"BreadcrumbList\",\"@id\":\"https:\\\/\\\/key-win.fr\\\/de\\\/rechtliche-hinweise\\\/#breadcrumb\",\"itemListElement\":[{\"@type\":\"ListItem\",\"position\":1,\"name\":\"Accueil\",\"item\":\"https:\\\/\\\/key-win.fr\\\/de\\\/makler-fuer-immobilienkredite-in-strassburg\\\/\"},{\"@type\":\"ListItem\",\"position\":2,\"name\":\"Rechtliche Hinweise\"}]},{\"@type\":\"WebSite\",\"@id\":\"https:\\\/\\\/key-win.fr\\\/de\\\/#website\",\"url\":\"https:\\\/\\\/key-win.fr\\\/de\\\/\",\"name\":\"Key Win\",\"description\":\"\",\"publisher\":{\"@id\":\"https:\\\/\\\/key-win.fr\\\/de\\\/#organization\"},\"potentialAction\":[{\"@type\":\"SearchAction\",\"target\":{\"@type\":\"EntryPoint\",\"urlTemplate\":\"https:\\\/\\\/key-win.fr\\\/de\\\/?s={search_term_string}\"},\"query-input\":{\"@type\":\"PropertyValueSpecification\",\"valueRequired\":true,\"valueName\":\"search_term_string\"}}],\"inLanguage\":\"de\"},{\"@type\":\"Organization\",\"@id\":\"https:\\\/\\\/key-win.fr\\\/de\\\/#organization\",\"name\":\"Key Win\",\"url\":\"https:\\\/\\\/key-win.fr\\\/de\\\/\",\"logo\":{\"@type\":\"ImageObject\",\"inLanguage\":\"de\",\"@id\":\"https:\\\/\\\/key-win.fr\\\/de\\\/#\\\/schema\\\/logo\\\/image\\\/\",\"url\":\"https:\\\/\\\/key-win.fr\\\/wp-content\\\/uploads\\\/2024\\\/06\\\/Logo_Brun_1.svg\",\"contentUrl\":\"https:\\\/\\\/key-win.fr\\\/wp-content\\\/uploads\\\/2024\\\/06\\\/Logo_Brun_1.svg\",\"width\":364,\"height\":284,\"caption\":\"Key Win\"},\"image\":{\"@id\":\"https:\\\/\\\/key-win.fr\\\/de\\\/#\\\/schema\\\/logo\\\/image\\\/\"},\"sameAs\":[\"https:\\\/\\\/www.linkedin.com\\\/in\\\/kevin-beill-1ba825169\\\/\"]}]}<\/script>\n<!-- \/ Yoast SEO plugin. -->","yoast_head_json":{"title":"Rechtliche Hinweise - Key Win","robots":{"index":"index","follow":"follow","max-snippet":"max-snippet:-1","max-image-preview":"max-image-preview:large","max-video-preview":"max-video-preview:-1"},"canonical":"https:\/\/key-win.fr\/de\/rechtliche-hinweise\/","og_locale":"de_DE","og_type":"article","og_title":"Rechtliche Hinweise - Key Win","og_url":"https:\/\/key-win.fr\/de\/rechtliche-hinweise\/","og_site_name":"Key Win","article_modified_time":"2024-11-14T12:35:08+00:00","og_image":[{"width":1200,"height":675,"url":"https:\/\/key-win.fr\/wp-content\/uploads\/2024\/07\/Vignette_keywin.jpg","type":"image\/jpeg"}],"twitter_card":"summary_large_image","twitter_misc":{"Gesch\u00e4tzte Lesezeit":"6\u00a0Minuten"},"schema":{"@context":"https:\/\/schema.org","@graph":[{"@type":"WebPage","@id":"https:\/\/key-win.fr\/de\/rechtliche-hinweise\/","url":"https:\/\/key-win.fr\/de\/rechtliche-hinweise\/","name":"Rechtliche Hinweise - Key Win","isPartOf":{"@id":"https:\/\/key-win.fr\/de\/#website"},"datePublished":"2024-06-03T11:39:07+00:00","dateModified":"2024-11-14T12:35:08+00:00","breadcrumb":{"@id":"https:\/\/key-win.fr\/de\/rechtliche-hinweise\/#breadcrumb"},"inLanguage":"de","potentialAction":[{"@type":"ReadAction","target":["https:\/\/key-win.fr\/de\/rechtliche-hinweise\/"]}]},{"@type":"BreadcrumbList","@id":"https:\/\/key-win.fr\/de\/rechtliche-hinweise\/#breadcrumb","itemListElement":[{"@type":"ListItem","position":1,"name":"Accueil","item":"https:\/\/key-win.fr\/de\/makler-fuer-immobilienkredite-in-strassburg\/"},{"@type":"ListItem","position":2,"name":"Rechtliche Hinweise"}]},{"@type":"WebSite","@id":"https:\/\/key-win.fr\/de\/#website","url":"https:\/\/key-win.fr\/de\/","name":"Key Win","description":"","publisher":{"@id":"https:\/\/key-win.fr\/de\/#organization"},"potentialAction":[{"@type":"SearchAction","target":{"@type":"EntryPoint","urlTemplate":"https:\/\/key-win.fr\/de\/?s={search_term_string}"},"query-input":{"@type":"PropertyValueSpecification","valueRequired":true,"valueName":"search_term_string"}}],"inLanguage":"de"},{"@type":"Organization","@id":"https:\/\/key-win.fr\/de\/#organization","name":"Key Win","url":"https:\/\/key-win.fr\/de\/","logo":{"@type":"ImageObject","inLanguage":"de","@id":"https:\/\/key-win.fr\/de\/#\/schema\/logo\/image\/","url":"https:\/\/key-win.fr\/wp-content\/uploads\/2024\/06\/Logo_Brun_1.svg","contentUrl":"https:\/\/key-win.fr\/wp-content\/uploads\/2024\/06\/Logo_Brun_1.svg","width":364,"height":284,"caption":"Key Win"},"image":{"@id":"https:\/\/key-win.fr\/de\/#\/schema\/logo\/image\/"},"sameAs":["https:\/\/www.linkedin.com\/in\/kevin-beill-1ba825169\/"]}]}},"_links":{"self":[{"href":"https:\/\/key-win.fr\/de\/wp-json\/wp\/v2\/pages\/505","targetHints":{"allow":["GET"]}}],"collection":[{"href":"https:\/\/key-win.fr\/de\/wp-json\/wp\/v2\/pages"}],"about":[{"href":"https:\/\/key-win.fr\/de\/wp-json\/wp\/v2\/types\/page"}],"author":[{"embeddable":true,"href":"https:\/\/key-win.fr\/de\/wp-json\/wp\/v2\/users\/1"}],"replies":[{"embeddable":true,"href":"https:\/\/key-win.fr\/de\/wp-json\/wp\/v2\/comments?post=505"}],"version-history":[{"count":2,"href":"https:\/\/key-win.fr\/de\/wp-json\/wp\/v2\/pages\/505\/revisions"}],"predecessor-version":[{"id":507,"href":"https:\/\/key-win.fr\/de\/wp-json\/wp\/v2\/pages\/505\/revisions\/507"}],"wp:attachment":[{"href":"https:\/\/key-win.fr\/de\/wp-json\/wp\/v2\/media?parent=505"}],"curies":[{"name":"wp","href":"https:\/\/api.w.org\/{rel}","templated":true}]}}