{"id":502,"date":"2024-06-03T11:39:07","date_gmt":"2024-06-03T11:39:07","guid":{"rendered":"https:\/\/key-win.fr\/terms-of-use\/"},"modified":"2024-11-14T12:34:33","modified_gmt":"2024-11-14T12:34:33","slug":"terms-of-use","status":"publish","type":"page","link":"https:\/\/key-win.fr\/en\/terms-of-use\/","title":{"rendered":"Terms of use"},"content":{"rendered":"<div class=\"fusion-fullwidth fullwidth-box fusion-builder-row-1 fusion-flex-container nonhundred-percent-fullwidth non-hundred-percent-height-scrolling\" style=\"--awb-border-radius-top-left:0px;--awb-border-radius-top-right:0px;--awb-border-radius-bottom-right:0px;--awb-border-radius-bottom-left:0px;--awb-padding-top:150px;--awb-padding-bottom:50px;--awb-margin-bottom:0px;--awb-flex-wrap:wrap;\" ><div class=\"fusion-builder-row fusion-row fusion-flex-align-items-flex-start fusion-flex-content-wrap\" style=\"max-width:calc( 1240px + 0px );margin-left: calc(-0px \/ 2 );margin-right: calc(-0px \/ 2 );\"><div class=\"fusion-layout-column fusion_builder_column fusion-builder-column-0 fusion_builder_column_1_1 1_1 fusion-flex-column\" style=\"--awb-bg-blend:overlay;--awb-bg-size:cover;--awb-width-large:100%;--awb-margin-top-large:0px;--awb-spacing-right-large:0px;--awb-margin-bottom-large:20px;--awb-spacing-left-large:0px;--awb-width-medium:100%;--awb-spacing-right-medium:0px;--awb-spacing-left-medium:0px;--awb-width-small:100%;--awb-spacing-right-small:0px;--awb-spacing-left-small:0px;\"><div class=\"fusion-column-wrapper fusion-column-has-shadow fusion-flex-justify-content-flex-start fusion-content-layout-column\"><div class=\"fusion-title title fusion-title-1 fusion-sep-none fusion-title-text fusion-title-size-one\" style=\"--awb-margin-top-small:10px;--awb-margin-right-small:0px;--awb-margin-bottom-small:10px;--awb-margin-left-small:0px;\"><h1 class=\"fusion-title-heading title-heading-left fusion-responsive-typography-calculated\" style=\"margin:0;--fontSize:64;line-height:0.85;\">Terms of <strong>use<\/strong><\/h1><\/div><div class=\"fusion-separator\" style=\"align-self: flex-start;margin-right:auto;margin-bottom:40px;width:100%;max-width:30%;\"><div class=\"fusion-separator-border sep-single sep-solid\" style=\"--awb-height:20px;--awb-amount:20px;border-color:var(--awb-color3);border-top-width:4px;\"><\/div><\/div><div class=\"accordian fusion-accordian\" style=\"--awb-border-size:1px;--awb-icon-size:16px;--awb-content-font-size:var(--awb-typography4-font-size);--awb-icon-alignment:left;--awb-hover-color:var(--awb-color2);--awb-border-color:var(--awb-color3);--awb-background-color:var(--awb-color1);--awb-divider-color:var(--awb-color2);--awb-divider-hover-color:var(--awb-color3);--awb-icon-color:var(--awb-color1);--awb-title-color:#212934;--awb-content-color:var(--awb-color8);--awb-icon-box-color:#212934;--awb-toggle-hover-accent-color:var(--awb-color3);--awb-title-font-family:var(--awb-typography1-font-family);--awb-title-font-weight:var(--awb-typography1-font-weight);--awb-title-font-style:var(--awb-typography1-font-style);--awb-title-font-size:26px;--awb-content-font-family:var(--awb-typography4-font-family);--awb-content-font-weight:var(--awb-typography4-font-weight);--awb-content-font-style:var(--awb-typography4-font-style);\"><div class=\"panel-group fusion-toggle-icon-boxed\" id=\"accordion-502-1\"><div class=\"fusion-panel panel-default panel-4ca702288da8ffc42 fusion-toggle-has-divider\" style=\"--awb-title-color:var(--awb-color8);--awb-content-color:var(--awb-color8);\"><div class=\"panel-heading\"><h4 class=\"panel-title toggle\" id=\"toggle_4ca702288da8ffc42\"><a aria-expanded=\"false\" aria-controls=\"4ca702288da8ffc42\" role=\"button\" data-toggle=\"collapse\" data-parent=\"#accordion-502-1\" data-target=\"#4ca702288da8ffc42\" href=\"#4ca702288da8ffc42\"><span class=\"fusion-toggle-icon-wrapper\" aria-hidden=\"true\"><i class=\"fa-fusion-box active-icon awb-icon-minus\" aria-hidden=\"true\"><\/i><i class=\"fa-fusion-box inactive-icon awb-icon-plus\" aria-hidden=\"true\"><\/i><\/span><span class=\"fusion-toggle-heading\">General information about KEY WIN<\/span><\/a><\/h4><\/div><div id=\"4ca702288da8ffc42\" class=\"panel-collapse collapse \" aria-labelledby=\"toggle_4ca702288da8ffc42\"><div class=\"panel-body toggle-content fusion-clearfix\">KEY WIN<br \/>Head office: 28 RUE DE ROSHEIM 67000 STRASBOURG<br \/>SIRET: 98031654100013<br \/>Type of structure: SAS<br \/>Publication manager: Kevin BEILL<br \/>The key-win.fr website is hosted by : OVH, 2 rue Kellermann &#8211; 59100 Roubaix &#8211; France<\/p>\n<\/div><\/div><\/div><div class=\"fusion-panel panel-default panel-01256f46869577c75 fusion-toggle-has-divider\"><div class=\"panel-heading\"><h4 class=\"panel-title toggle\" id=\"toggle_01256f46869577c75\"><a aria-expanded=\"false\" aria-controls=\"01256f46869577c75\" role=\"button\" data-toggle=\"collapse\" data-parent=\"#accordion-502-1\" data-target=\"#01256f46869577c75\" href=\"#01256f46869577c75\"><span class=\"fusion-toggle-icon-wrapper\" aria-hidden=\"true\"><i class=\"fa-fusion-box active-icon awb-icon-minus\" aria-hidden=\"true\"><\/i><i class=\"fa-fusion-box inactive-icon awb-icon-plus\" aria-hidden=\"true\"><\/i><\/span><span class=\"fusion-toggle-heading\">Form management processing<\/span><\/a><\/h4><\/div><div id=\"01256f46869577c75\" class=\"panel-collapse collapse \" aria-labelledby=\"toggle_01256f46869577c75\"><div class=\"panel-body toggle-content fusion-clearfix\">\n<p>Each form on the KEY WIN website limits the collection of personal data to what is necessary and indicates in particular:<\/p>\n<p>&#8211; what are the purposes for collecting this data?<\/p>\n<p>&#8211; why we collect data about you (lawfulness);<\/p>\n<p>&#8211; any legitimate interests we may have;<\/p>\n<p>&#8211; whether the data is obligatory or optional for the management of your request (obligatory data is highlighted by an asterisk);<\/p>\n<p>&#8211; who will be able to read it (in principle only KEY WIN, unless it is specified on the form that it will be passed on to a third party for the purpose of managing your request);<\/p>\n<p>&#8211; how long the data collected will be kept.<\/p>\n<p>For any information or to exercise your rights concerning the processing of personal data managed by KEY WIN, please refer to the paragraph below entitled &#8220;How to exercise your rights&#8221;.<\/p>\n<\/div><\/div><\/div><div class=\"fusion-panel panel-default panel-d14573cafe4338f1b fusion-toggle-has-divider\"><div class=\"panel-heading\"><h4 class=\"panel-title toggle\" id=\"toggle_d14573cafe4338f1b\"><a aria-expanded=\"false\" aria-controls=\"d14573cafe4338f1b\" role=\"button\" data-toggle=\"collapse\" data-parent=\"#accordion-502-1\" data-target=\"#d14573cafe4338f1b\" href=\"#d14573cafe4338f1b\"><span class=\"fusion-toggle-icon-wrapper\" aria-hidden=\"true\"><i class=\"fa-fusion-box active-icon awb-icon-minus\" aria-hidden=\"true\"><\/i><i class=\"fa-fusion-box inactive-icon awb-icon-plus\" aria-hidden=\"true\"><\/i><\/span><span class=\"fusion-toggle-heading\">Customer relationship management processing<\/span><\/a><\/h4><\/div><div id=\"d14573cafe4338f1b\" class=\"panel-collapse collapse \" aria-labelledby=\"toggle_d14573cafe4338f1b\"><div class=\"panel-body toggle-content fusion-clearfix\">\n<p>In the course of our relations with corporate customers, we may collect and use information relating to individuals who are points of contact within these companies. This may involve identification data (surname, first name, etc.) or data relating to professional life (fixed and\/or mobile telephone numbers, e-mail address, etc.). <\/p>\n<p>We use this information to manage our commercial relationship with the client companies in which you work.<\/p>\n<p>This information is updated when changes occur: for example, the identity and contact details of the contact person may change if the person whose information is recorded leaves the company.<\/p>\n<p>They are not passed on to third parties.<\/p>\n<\/div><\/div><\/div><div class=\"fusion-panel panel-default panel-e0ac99f2b37d5b080 fusion-toggle-has-divider\"><div class=\"panel-heading\"><h4 class=\"panel-title toggle\" id=\"toggle_e0ac99f2b37d5b080\"><a aria-expanded=\"false\" aria-controls=\"e0ac99f2b37d5b080\" role=\"button\" data-toggle=\"collapse\" data-parent=\"#accordion-502-1\" data-target=\"#e0ac99f2b37d5b080\" href=\"#e0ac99f2b37d5b080\"><span class=\"fusion-toggle-icon-wrapper\" aria-hidden=\"true\"><i class=\"fa-fusion-box active-icon awb-icon-minus\" aria-hidden=\"true\"><\/i><i class=\"fa-fusion-box inactive-icon awb-icon-plus\" aria-hidden=\"true\"><\/i><\/span><span class=\"fusion-toggle-heading\">Cookies and audience measurement<\/span><\/a><\/h4><\/div><div id=\"e0ac99f2b37d5b080\" class=\"panel-collapse collapse \" aria-labelledby=\"toggle_e0ac99f2b37d5b080\"><div class=\"panel-body toggle-content fusion-clearfix\">\n<p>A cookie is a text file sent to your browser by the website you are visiting. This cookie enables us to store and collect information, for example, to find out which pages you have visited, how long you have stayed on the site, which link(s) you have clicked on, how often you return to the site, and so on. <\/p>\n<\/div><\/div><\/div><div class=\"fusion-panel panel-default panel-cca88c5235f3e1541 fusion-toggle-has-divider\"><div class=\"panel-heading\"><h4 class=\"panel-title toggle\" id=\"toggle_cca88c5235f3e1541\"><a aria-expanded=\"false\" aria-controls=\"cca88c5235f3e1541\" role=\"button\" data-toggle=\"collapse\" data-parent=\"#accordion-502-1\" data-target=\"#cca88c5235f3e1541\" href=\"#cca88c5235f3e1541\"><span class=\"fusion-toggle-icon-wrapper\" aria-hidden=\"true\"><i class=\"fa-fusion-box active-icon awb-icon-minus\" aria-hidden=\"true\"><\/i><i class=\"fa-fusion-box inactive-icon awb-icon-plus\" aria-hidden=\"true\"><\/i><\/span><span class=\"fusion-toggle-heading\">Site security and traffic statistics<\/span><\/a><\/h4><\/div><div id=\"cca88c5235f3e1541\" class=\"panel-collapse collapse \" aria-labelledby=\"toggle_cca88c5235f3e1541\"><div class=\"panel-body toggle-content fusion-clearfix\">\n<p>When you browse this site, your browser automatically transmits information necessary for navigation. We collect the following information in connection logs in order to improve and protect our website: <\/p>\n<p>&#8211; Your IP address<br \/>&#8211; The date and time of requests<br \/>&#8211; The content of the request<br \/>&#8211; The origin of the request<br \/>&#8211; The amount of information transmitted in response<br \/>&#8211; The time zone<br \/>&#8211; Information such as the operating system or type of browser used<br \/>&#8211; The browser language and version<\/p>\n<p>In order to adapt the site to the needs of its visitors, we also measure, without allowing this data to identify you:<\/p>\n<p>&#8211; number of visits,<br \/>&#8211; number of pages viewed,<br \/>&#8211; visitor activity and frequency of return.<\/p>\n<p>This processing is based on our legitimate interest (Article 6 \u00a71 f) RGPD) consisting in enabling navigation on this website, improving it and guaranteeing its stability and security.<\/p>\n<\/div><\/div><\/div><div class=\"fusion-panel panel-default panel-2ab44a6da904a921c fusion-toggle-has-divider\"><div class=\"panel-heading\"><h4 class=\"panel-title toggle\" id=\"toggle_2ab44a6da904a921c\"><a aria-expanded=\"false\" aria-controls=\"2ab44a6da904a921c\" role=\"button\" data-toggle=\"collapse\" data-parent=\"#accordion-502-1\" data-target=\"#2ab44a6da904a921c\" href=\"#2ab44a6da904a921c\"><span class=\"fusion-toggle-icon-wrapper\" aria-hidden=\"true\"><i class=\"fa-fusion-box active-icon awb-icon-minus\" aria-hidden=\"true\"><\/i><i class=\"fa-fusion-box inactive-icon awb-icon-plus\" aria-hidden=\"true\"><\/i><\/span><span class=\"fusion-toggle-heading\">What are your rights?<\/span><\/a><\/h4><\/div><div id=\"2ab44a6da904a921c\" class=\"panel-collapse collapse \" aria-labelledby=\"toggle_2ab44a6da904a921c\"><div class=\"panel-body toggle-content fusion-clearfix\">\n<p>In accordance with the <a href=\"https:\/\/www.cnil.fr\/fr\/reglement-europeen-protection-donnees\" target=\"_blank\" rel=\"noopener noreferrer\">General Data Protection Regulation<\/a> and the French <a href=\"https:\/\/www.cnil.fr\/fr\/la-loi-informatique-et-libertes\" target=\"_blank\" rel=\"noopener noreferrer\">Data Protection Act<\/a>, you may access and\/or obtain a copy of your personal data.<br \/>Depending on the context, you may also<\/p>\n<p>&#8211; object to the processing of your data, have them rectified or deleted;<br \/>&#8211; request the restriction of the processing of your data and\/or the portability of your data.<\/p>\n<p>Where you have given your consent to processing by us, you have the right to withdraw it at any time.<\/p>\n<\/div><\/div><\/div><div class=\"fusion-panel panel-default panel-e04668f24bed6e5cf fusion-toggle-has-divider\"><div class=\"panel-heading\"><h4 class=\"panel-title toggle\" id=\"toggle_e04668f24bed6e5cf\"><a aria-expanded=\"false\" aria-controls=\"e04668f24bed6e5cf\" role=\"button\" data-toggle=\"collapse\" data-parent=\"#accordion-502-1\" data-target=\"#e04668f24bed6e5cf\" href=\"#e04668f24bed6e5cf\"><span class=\"fusion-toggle-icon-wrapper\" aria-hidden=\"true\"><i class=\"fa-fusion-box active-icon awb-icon-minus\" aria-hidden=\"true\"><\/i><i class=\"fa-fusion-box inactive-icon awb-icon-plus\" aria-hidden=\"true\"><\/i><\/span><span class=\"fusion-toggle-heading\">How to exercise your rights<\/span><\/a><\/h4><\/div><div id=\"e04668f24bed6e5cf\" class=\"panel-collapse collapse \" aria-labelledby=\"toggle_e04668f24bed6e5cf\"><div class=\"panel-body toggle-content fusion-clearfix\">\n<p>You can exercise your rights at any time by contacting us:<\/p>\n<p>&#8211; by e-mail to contact@key-win.fr<br \/>&#8211; by using this contact form<br \/>&#8211; by signed letter to the following address :<\/p>\n<p>KEY WIN<br \/>28 RUE DE ROSHEIM<br \/>67000 STRASBOURG<\/p>\n<p>Pour des raisons de s\u00e9curit\u00e9, vous devez justifier de votre identit\u00e9 (par exemple en fournissant vos nom, pr\u00e9nom, num\u00e9ro de client, adresse postale ou \u00e9lectronique). Le cas \u00e9ch\u00e9ant, une pi\u00e8ce d\u2019identit\u00e9 valide pourrait vous \u00eatre demand\u00e9e.<br \/>Si vous estimez, apr\u00e8s nous avoir contact\u00e9s, que vos droits sur vos donn\u00e9es ne sont pas respect\u00e9s, vous pouvez <a href=\"https:\/\/www.cnil.fr\/fr\/webform\/adresser-une-plainte\" target=\"_blank\" rel=\"noopener noreferrer\">adresser une r\u00e9clamation \u00e0 la CNIL .<\/a> <\/p>\n<\/div><\/div><\/div><div class=\"fusion-panel panel-default panel-5517ad82fa6fc452f fusion-toggle-has-divider\"><div class=\"panel-heading\"><h4 class=\"panel-title toggle\" id=\"toggle_5517ad82fa6fc452f\"><a aria-expanded=\"false\" aria-controls=\"5517ad82fa6fc452f\" role=\"button\" data-toggle=\"collapse\" data-parent=\"#accordion-502-1\" data-target=\"#5517ad82fa6fc452f\" href=\"#5517ad82fa6fc452f\"><span class=\"fusion-toggle-icon-wrapper\" aria-hidden=\"true\"><i class=\"fa-fusion-box active-icon awb-icon-minus\" aria-hidden=\"true\"><\/i><i class=\"fa-fusion-box inactive-icon awb-icon-plus\" aria-hidden=\"true\"><\/i><\/span><span class=\"fusion-toggle-heading\">Updating this policy<\/span><\/a><\/h4><\/div><div id=\"5517ad82fa6fc452f\" class=\"panel-collapse collapse \" aria-labelledby=\"toggle_5517ad82fa6fc452f\"><div class=\"panel-body toggle-content fusion-clearfix\">\n<p>We change this privacy policy from time to time. In the event of significant changes, we will publish a prominent notice on the website. <\/p>\n<p>We invite you to reread this policy from time to time.<\/p>\n<\/div><\/div><\/div><\/div><\/div><\/div><\/div><\/div><\/div>\n","protected":false},"excerpt":{"rendered":"","protected":false},"author":1,"featured_media":0,"parent":0,"menu_order":0,"comment_status":"closed","ping_status":"closed","template":"100-width.php","meta":{"footnotes":""},"class_list":["post-502","page","type-page","status-publish","hentry"],"yoast_head":"<!-- This site is optimized with the Yoast SEO plugin v27.5 - https:\/\/yoast.com\/product\/yoast-seo-wordpress\/ -->\n<title>Terms of use - Key Win<\/title>\n<meta name=\"robots\" content=\"index, follow, max-snippet:-1, max-image-preview:large, max-video-preview:-1\" \/>\n<link rel=\"canonical\" href=\"https:\/\/key-win.fr\/en\/terms-of-use\/\" \/>\n<meta property=\"og:locale\" content=\"en_US\" \/>\n<meta property=\"og:type\" content=\"article\" \/>\n<meta property=\"og:title\" content=\"Terms of use - Key Win\" \/>\n<meta property=\"og:url\" content=\"https:\/\/key-win.fr\/en\/terms-of-use\/\" \/>\n<meta property=\"og:site_name\" content=\"Key Win\" \/>\n<meta property=\"article:modified_time\" content=\"2024-11-14T12:34:33+00:00\" \/>\n<meta property=\"og:image\" content=\"https:\/\/key-win.fr\/wp-content\/uploads\/2024\/07\/Vignette_keywin.jpg\" \/>\n\t<meta property=\"og:image:width\" content=\"1200\" \/>\n\t<meta property=\"og:image:height\" content=\"675\" \/>\n\t<meta property=\"og:image:type\" content=\"image\/jpeg\" \/>\n<meta name=\"twitter:card\" content=\"summary_large_image\" \/>\n<meta name=\"twitter:label1\" content=\"Est. reading time\" \/>\n\t<meta name=\"twitter:data1\" content=\"5 minutes\" \/>\n<script type=\"application\/ld+json\" class=\"yoast-schema-graph\">{\"@context\":\"https:\\\/\\\/schema.org\",\"@graph\":[{\"@type\":\"WebPage\",\"@id\":\"https:\\\/\\\/key-win.fr\\\/en\\\/terms-of-use\\\/\",\"url\":\"https:\\\/\\\/key-win.fr\\\/en\\\/terms-of-use\\\/\",\"name\":\"Terms of use - Key Win\",\"isPartOf\":{\"@id\":\"https:\\\/\\\/key-win.fr\\\/en\\\/#website\"},\"datePublished\":\"2024-06-03T11:39:07+00:00\",\"dateModified\":\"2024-11-14T12:34:33+00:00\",\"breadcrumb\":{\"@id\":\"https:\\\/\\\/key-win.fr\\\/en\\\/terms-of-use\\\/#breadcrumb\"},\"inLanguage\":\"en-US\",\"potentialAction\":[{\"@type\":\"ReadAction\",\"target\":[\"https:\\\/\\\/key-win.fr\\\/en\\\/terms-of-use\\\/\"]}]},{\"@type\":\"BreadcrumbList\",\"@id\":\"https:\\\/\\\/key-win.fr\\\/en\\\/terms-of-use\\\/#breadcrumb\",\"itemListElement\":[{\"@type\":\"ListItem\",\"position\":1,\"name\":\"Accueil\",\"item\":\"https:\\\/\\\/key-win.fr\\\/en\\\/\"},{\"@type\":\"ListItem\",\"position\":2,\"name\":\"Terms of use\"}]},{\"@type\":\"WebSite\",\"@id\":\"https:\\\/\\\/key-win.fr\\\/en\\\/#website\",\"url\":\"https:\\\/\\\/key-win.fr\\\/en\\\/\",\"name\":\"Key Win\",\"description\":\"\",\"publisher\":{\"@id\":\"https:\\\/\\\/key-win.fr\\\/en\\\/#organization\"},\"potentialAction\":[{\"@type\":\"SearchAction\",\"target\":{\"@type\":\"EntryPoint\",\"urlTemplate\":\"https:\\\/\\\/key-win.fr\\\/en\\\/?s={search_term_string}\"},\"query-input\":{\"@type\":\"PropertyValueSpecification\",\"valueRequired\":true,\"valueName\":\"search_term_string\"}}],\"inLanguage\":\"en-US\"},{\"@type\":\"Organization\",\"@id\":\"https:\\\/\\\/key-win.fr\\\/en\\\/#organization\",\"name\":\"Key Win\",\"url\":\"https:\\\/\\\/key-win.fr\\\/en\\\/\",\"logo\":{\"@type\":\"ImageObject\",\"inLanguage\":\"en-US\",\"@id\":\"https:\\\/\\\/key-win.fr\\\/en\\\/#\\\/schema\\\/logo\\\/image\\\/\",\"url\":\"https:\\\/\\\/key-win.fr\\\/wp-content\\\/uploads\\\/2024\\\/06\\\/Logo_Brun_1.svg\",\"contentUrl\":\"https:\\\/\\\/key-win.fr\\\/wp-content\\\/uploads\\\/2024\\\/06\\\/Logo_Brun_1.svg\",\"width\":364,\"height\":284,\"caption\":\"Key Win\"},\"image\":{\"@id\":\"https:\\\/\\\/key-win.fr\\\/en\\\/#\\\/schema\\\/logo\\\/image\\\/\"},\"sameAs\":[\"https:\\\/\\\/www.linkedin.com\\\/in\\\/kevin-beill-1ba825169\\\/\"]}]}<\/script>\n<!-- \/ Yoast SEO plugin. -->","yoast_head_json":{"title":"Terms of use - Key Win","robots":{"index":"index","follow":"follow","max-snippet":"max-snippet:-1","max-image-preview":"max-image-preview:large","max-video-preview":"max-video-preview:-1"},"canonical":"https:\/\/key-win.fr\/en\/terms-of-use\/","og_locale":"en_US","og_type":"article","og_title":"Terms of use - Key Win","og_url":"https:\/\/key-win.fr\/en\/terms-of-use\/","og_site_name":"Key Win","article_modified_time":"2024-11-14T12:34:33+00:00","og_image":[{"width":1200,"height":675,"url":"https:\/\/key-win.fr\/wp-content\/uploads\/2024\/07\/Vignette_keywin.jpg","type":"image\/jpeg"}],"twitter_card":"summary_large_image","twitter_misc":{"Est. reading time":"5 minutes"},"schema":{"@context":"https:\/\/schema.org","@graph":[{"@type":"WebPage","@id":"https:\/\/key-win.fr\/en\/terms-of-use\/","url":"https:\/\/key-win.fr\/en\/terms-of-use\/","name":"Terms of use - Key Win","isPartOf":{"@id":"https:\/\/key-win.fr\/en\/#website"},"datePublished":"2024-06-03T11:39:07+00:00","dateModified":"2024-11-14T12:34:33+00:00","breadcrumb":{"@id":"https:\/\/key-win.fr\/en\/terms-of-use\/#breadcrumb"},"inLanguage":"en-US","potentialAction":[{"@type":"ReadAction","target":["https:\/\/key-win.fr\/en\/terms-of-use\/"]}]},{"@type":"BreadcrumbList","@id":"https:\/\/key-win.fr\/en\/terms-of-use\/#breadcrumb","itemListElement":[{"@type":"ListItem","position":1,"name":"Accueil","item":"https:\/\/key-win.fr\/en\/"},{"@type":"ListItem","position":2,"name":"Terms of use"}]},{"@type":"WebSite","@id":"https:\/\/key-win.fr\/en\/#website","url":"https:\/\/key-win.fr\/en\/","name":"Key Win","description":"","publisher":{"@id":"https:\/\/key-win.fr\/en\/#organization"},"potentialAction":[{"@type":"SearchAction","target":{"@type":"EntryPoint","urlTemplate":"https:\/\/key-win.fr\/en\/?s={search_term_string}"},"query-input":{"@type":"PropertyValueSpecification","valueRequired":true,"valueName":"search_term_string"}}],"inLanguage":"en-US"},{"@type":"Organization","@id":"https:\/\/key-win.fr\/en\/#organization","name":"Key Win","url":"https:\/\/key-win.fr\/en\/","logo":{"@type":"ImageObject","inLanguage":"en-US","@id":"https:\/\/key-win.fr\/en\/#\/schema\/logo\/image\/","url":"https:\/\/key-win.fr\/wp-content\/uploads\/2024\/06\/Logo_Brun_1.svg","contentUrl":"https:\/\/key-win.fr\/wp-content\/uploads\/2024\/06\/Logo_Brun_1.svg","width":364,"height":284,"caption":"Key Win"},"image":{"@id":"https:\/\/key-win.fr\/en\/#\/schema\/logo\/image\/"},"sameAs":["https:\/\/www.linkedin.com\/in\/kevin-beill-1ba825169\/"]}]}},"_links":{"self":[{"href":"https:\/\/key-win.fr\/en\/wp-json\/wp\/v2\/pages\/502","targetHints":{"allow":["GET"]}}],"collection":[{"href":"https:\/\/key-win.fr\/en\/wp-json\/wp\/v2\/pages"}],"about":[{"href":"https:\/\/key-win.fr\/en\/wp-json\/wp\/v2\/types\/page"}],"author":[{"embeddable":true,"href":"https:\/\/key-win.fr\/en\/wp-json\/wp\/v2\/users\/1"}],"replies":[{"embeddable":true,"href":"https:\/\/key-win.fr\/en\/wp-json\/wp\/v2\/comments?post=502"}],"version-history":[{"count":2,"href":"https:\/\/key-win.fr\/en\/wp-json\/wp\/v2\/pages\/502\/revisions"}],"predecessor-version":[{"id":504,"href":"https:\/\/key-win.fr\/en\/wp-json\/wp\/v2\/pages\/502\/revisions\/504"}],"wp:attachment":[{"href":"https:\/\/key-win.fr\/en\/wp-json\/wp\/v2\/media?parent=502"}],"curies":[{"name":"wp","href":"https:\/\/api.w.org\/{rel}","templated":true}]}}